{"id":642,"date":"2025-07-08T07:09:01","date_gmt":"2025-07-08T07:09:01","guid":{"rendered":"https:\/\/wagener-pl.pietrowski-digital.de\/legal-notice\/"},"modified":"2026-02-13T10:12:43","modified_gmt":"2026-02-13T10:12:43","slug":"legal-notice","status":"publish","type":"page","link":"https:\/\/wagenervulcanizers.pl\/en\/legal-notice\/","title":{"rendered":"Legal notice"},"content":{"rendered":"\t\t<div data-elementor-type=\"wp-page\" data-elementor-id=\"642\" class=\"elementor elementor-642 elementor-445\" data-elementor-post-type=\"page\">\n\t\t\t\t<div class=\"elementor-element elementor-element-97a4479 e-flex e-con-boxed e-con e-parent\" data-id=\"97a4479\" data-element_type=\"container\" data-e-type=\"container\" data-settings=\"{&quot;background_background&quot;:&quot;classic&quot;}\">\n\t\t\t\t\t<div class=\"e-con-inner\">\n\t\t\t\t<div class=\"elementor-element elementor-element-b2c38a3 elementor-widget elementor-widget-heading\" data-id=\"b2c38a3\" data-element_type=\"widget\" data-e-type=\"widget\" data-widget_type=\"heading.default\">\n\t\t\t\t<div class=\"elementor-widget-container\">\n\t\t\t\t\t<h3 class=\"elementor-heading-title elementor-size-default\">Legal notice<\/h3>\t\t\t\t<\/div>\n\t\t\t\t<\/div>\n\t\t\t\t\t<\/div>\n\t\t\t\t<\/div>\n\t\t<div class=\"elementor-element elementor-element-62c6ff6 e-flex e-con-boxed e-con e-parent\" data-id=\"62c6ff6\" data-element_type=\"container\" data-e-type=\"container\">\n\t\t\t\t\t<div class=\"e-con-inner\">\n\t\t\t\t<div class=\"elementor-element elementor-element-3d46177 elementor-widget elementor-widget-spacer\" data-id=\"3d46177\" data-element_type=\"widget\" data-e-type=\"widget\" data-widget_type=\"spacer.default\">\n\t\t\t\t<div class=\"elementor-widget-container\">\n\t\t\t\t\t\t\t<div class=\"elementor-spacer\">\n\t\t\t<div class=\"elementor-spacer-inner\"><\/div>\n\t\t<\/div>\n\t\t\t\t\t\t<\/div>\n\t\t\t\t<\/div>\n\t\t\t\t\t<\/div>\n\t\t\t\t<\/div>\n\t\t<div class=\"elementor-element elementor-element-82b0c11 e-flex e-con-boxed e-con e-parent\" data-id=\"82b0c11\" data-element_type=\"container\" data-e-type=\"container\">\n\t\t\t\t\t<div class=\"e-con-inner\">\n\t\t\t\t<div class=\"elementor-element elementor-element-e43f928 elementor-widget elementor-widget-text-editor\" data-id=\"e43f928\" data-element_type=\"widget\" data-e-type=\"widget\" data-widget_type=\"text-editor.default\">\n\t\t\t\t<div class=\"elementor-widget-container\">\n\t\t\t\t\t\t\t\t\t<h3 class=\"font_7 wixui-rich-text__text\"><span class=\"wixui-rich-text__text\">Information according to CEIDG:<\/span><\/h3><p>Representative office CERTUS Andrzej \u0141akomy<br>ul. S\u0142owackiego 18<br>41-219 Sosnowiec <\/p><h3 class=\"font_7 wixui-rich-text__text\"><span class=\"wixui-rich-text__text\">Represented by:<\/span><\/h3><p> Andrzej \u0141akomy \u2013 Owner<br class=\"wixui-rich-text__text\"><br><\/p><h3 class=\"font_7 wixui-rich-text__text\"><span class=\"wixui-rich-text__text\">Contact:<\/span><\/h3><p class=\"font_7 wixui-rich-text__text\"><span class=\"wixui-rich-text__text\">Tel. +48 32 294 06 26<br>Mobil +48 509 304 934<a class=\"wixui-rich-text__text\" href=\"mailto:certus@arg.pl\" target=\"_self\"><br>certus@arg.pl<\/a> <\/span><\/p><p class=\"font_7 wixui-rich-text__text\"><span class=\"wixui-rich-text__text\"><span class=\"wixGuard wixui-rich-text__text\">\u200b<\/span><\/span><\/p><h3 class=\"font_7 wixui-rich-text__text\"><span class=\"wixui-rich-text__text\">Registration:<\/span><\/h3><p class=\"font_7 wixui-rich-text__text\"><span class=\"wixui-rich-text__text\">Entry in the CEIDG register <br class=\"wixui-rich-text__text\"><br><\/span><\/p><h3 class=\"font_7 wixui-rich-text__text\"><span class=\"wixui-rich-text__text\">Taxes:<\/span><\/h3><p class=\"font_7 wixui-rich-text__text\"><span class=\"wixui-rich-text__text\">Sales tax identification number (NIP):<br class=\"wixui-rich-text__text\">PL 9541673198<br><\/span><\/p><p class=\"font_7 wixui-rich-text__text\"><span class=\"wixui-rich-text__text\"><span class=\"wixGuard wixui-rich-text__text\">\u200b<\/span><\/span><\/p><h3 class=\"font_7 wixui-rich-text__text\">Dispute resolution<\/h3><p class=\"font_7 wixui-rich-text__text\"><span class=\"wixui-rich-text__text\">We are not willing or obliged to participate in dispute resolution proceedings before a consumer arbitration board.<\/span><\/p><p class=\"font_7 wixui-rich-text__text\"><span class=\"wixui-rich-text__text\"><span class=\"wixGuard wixui-rich-text__text\">\u200b<\/span><\/span><\/p><h3 class=\"font_7 wixui-rich-text__text\"><span class=\"wixui-rich-text__text\">Liability for content<\/span><\/h3><p class=\"font_7 wixui-rich-text__text\"><span class=\"wixui-rich-text__text\">As a service provider, we are responsible for our own content on these pages in accordance with \u00a7 7 para. 1 TMG (German Telemedia Act) and general laws. However, according to \u00a7\u00a7 8 to 10 TMG, we are not obliged as a service provider to monitor transmitted or stored third-party information or to investigate circumstances that indicate illegal activity.  <\/span><\/p><p class=\"font_7 wixui-rich-text__text\"><span class=\"wixui-rich-text__text\">Obligations to remove or block the use of information in accordance with general laws remain unaffected by this. However, liability in this regard is only possible from the time we become aware of a specific legal violation. If we become aware of such legal violations, we will remove this content immediately.  <\/span><\/p><p class=\"font_7 wixui-rich-text__text\"><span class=\"wixui-rich-text__text\">Liability for links<\/span><\/p><p class=\"font_7 wixui-rich-text__text\"><span class=\"wixui-rich-text__text\">Our website contains links to external third-party websites over whose content we have no influence. We therefore cannot accept any liability for this external content. The respective provider or operator of the linked pages is always responsible for their content. The linked pages were checked for possible legal violations at the time of linking. No illegal content was identified at the time of linking.    <\/span><\/p><p class=\"font_7 wixui-rich-text__text\"><span class=\"wixui-rich-text__text\">However, permanent monitoring of the content of linked pages is not reasonable without concrete evidence of a violation of the law. If we become aware of any violations of the law, we will remove such links immediately. <\/span><\/p><p class=\"font_7 wixui-rich-text__text\"><span class=\"wixui-rich-text__text\"><span class=\"wixGuard wixui-rich-text__text\">\u200b<\/span><\/span><\/p><h3 class=\"font_7 wixui-rich-text__text\"><span class=\"wixui-rich-text__text\">Copyright<\/span><\/h3><p class=\"font_7 wixui-rich-text__text\"><span class=\"wixui-rich-text__text\">The content and works on these pages created by the site operators are subject to German copyright law. The reproduction, editing, distribution, and any kind of use outside the limits of copyright law require the written consent of the respective author or creator. Downloads and copies of this site are only permitted for private, non-commercial use.  <\/span><\/p><p class=\"font_7 wixui-rich-text__text\"><span class=\"wixui-rich-text__text\">Insofar as the content on this site was not created by the operator, the copyrights of third parties are respected. In particular, third-party content is identified as such. Should you nevertheless become aware of a copyright infringement, please inform us accordingly. If we become aware of any infringements, we will remove such content immediately.   <\/span><\/p><p class=\"font_7 wixui-rich-text__text\"><span class=\"wixui-rich-text__text\">Copyright \u00a9 2025. Subject to change without notice. <\/span><\/p>\t\t\t\t\t\t\t\t<\/div>\n\t\t\t\t<\/div>\n\t\t\t\t\t<\/div>\n\t\t\t\t<\/div>\n\t\t<div class=\"elementor-element elementor-element-3d1d936 e-flex e-con-boxed e-con e-parent\" data-id=\"3d1d936\" data-element_type=\"container\" data-e-type=\"container\">\n\t\t\t\t\t<div class=\"e-con-inner\">\n\t\t\t\t<div class=\"elementor-element elementor-element-37b6d69 elementor-widget elementor-widget-spacer\" data-id=\"37b6d69\" data-element_type=\"widget\" data-e-type=\"widget\" data-widget_type=\"spacer.default\">\n\t\t\t\t<div class=\"elementor-widget-container\">\n\t\t\t\t\t\t\t<div class=\"elementor-spacer\">\n\t\t\t<div class=\"elementor-spacer-inner\"><\/div>\n\t\t<\/div>\n\t\t\t\t\t\t<\/div>\n\t\t\t\t<\/div>\n\t\t\t\t\t<\/div>\n\t\t\t\t<\/div>\n\t\t\t\t<\/div>\n\t\t","protected":false},"excerpt":{"rendered":"<p>Legal notice Information according to CEIDG: Representative office CERTUS Andrzej \u0141akomyul. S\u0142owackiego 1841-219 Sosnowiec Represented by: Andrzej \u0141akomy \u2013 Owner Contact: Tel. +48 32 294 06 26Mobil +48 509 304 934certus@arg.pl \u200b Registration: Entry in the CEIDG register Taxes: Sales tax identification number (NIP):PL 9541673198 \u200b Dispute resolution We are not willing or obliged to [&hellip;]<\/p>\n","protected":false},"author":2,"featured_media":0,"parent":0,"menu_order":0,"comment_status":"closed","ping_status":"closed","template":"","meta":{"ocean_post_layout":"","ocean_both_sidebars_style":"","ocean_both_sidebars_content_width":0,"ocean_both_sidebars_sidebars_width":0,"ocean_sidebar":"","ocean_second_sidebar":"","ocean_disable_margins":"enable","ocean_add_body_class":"","ocean_shortcode_before_top_bar":"","ocean_shortcode_after_top_bar":"","ocean_shortcode_before_header":"","ocean_shortcode_after_header":"","ocean_has_shortcode":"","ocean_shortcode_after_title":"","ocean_shortcode_before_footer_widgets":"","ocean_shortcode_after_footer_widgets":"","ocean_shortcode_before_footer_bottom":"","ocean_shortcode_after_footer_bottom":"","ocean_display_top_bar":"default","ocean_display_header":"default","ocean_header_style":"","ocean_center_header_left_menu":"","ocean_custom_header_template":"","ocean_custom_logo":0,"ocean_custom_retina_logo":0,"ocean_custom_logo_max_width":0,"ocean_custom_logo_tablet_max_width":0,"ocean_custom_logo_mobile_max_width":0,"ocean_custom_logo_max_height":0,"ocean_custom_logo_tablet_max_height":0,"ocean_custom_logo_mobile_max_height":0,"ocean_header_custom_menu":"","ocean_menu_typo_font_family":"","ocean_menu_typo_font_subset":"","ocean_menu_typo_font_size":0,"ocean_menu_typo_font_size_tablet":0,"ocean_menu_typo_font_size_mobile":0,"ocean_menu_typo_font_size_unit":"px","ocean_menu_typo_font_weight":"","ocean_menu_typo_font_weight_tablet":"","ocean_menu_typo_font_weight_mobile":"","ocean_menu_typo_transform":"","ocean_menu_typo_transform_tablet":"","ocean_menu_typo_transform_mobile":"","ocean_menu_typo_line_height":0,"ocean_menu_typo_line_height_tablet":0,"ocean_menu_typo_line_height_mobile":0,"ocean_menu_typo_line_height_unit":"","ocean_menu_typo_spacing":0,"ocean_menu_typo_spacing_tablet":0,"ocean_menu_typo_spacing_mobile":0,"ocean_menu_typo_spacing_unit":"","ocean_menu_link_color":"","ocean_menu_link_color_hover":"","ocean_menu_link_color_active":"","ocean_menu_link_background":"","ocean_menu_link_hover_background":"","ocean_menu_link_active_background":"","ocean_menu_social_links_bg":"","ocean_menu_social_hover_links_bg":"","ocean_menu_social_links_color":"","ocean_menu_social_hover_links_color":"","ocean_disable_title":"default","ocean_disable_heading":"default","ocean_post_title":"","ocean_post_subheading":"","ocean_post_title_style":"","ocean_post_title_background_color":"","ocean_post_title_background":0,"ocean_post_title_bg_image_position":"","ocean_post_title_bg_image_attachment":"","ocean_post_title_bg_image_repeat":"","ocean_post_title_bg_image_size":"","ocean_post_title_height":0,"ocean_post_title_bg_overlay":0.5,"ocean_post_title_bg_overlay_color":"","ocean_disable_breadcrumbs":"default","ocean_breadcrumbs_color":"","ocean_breadcrumbs_separator_color":"","ocean_breadcrumbs_links_color":"","ocean_breadcrumbs_links_hover_color":"","ocean_display_footer_widgets":"default","ocean_display_footer_bottom":"default","ocean_custom_footer_template":"","footnotes":""},"class_list":["post-642","page","type-page","status-publish","hentry","entry"],"_links":{"self":[{"href":"https:\/\/wagenervulcanizers.pl\/en\/wp-json\/wp\/v2\/pages\/642","targetHints":{"allow":["GET"]}}],"collection":[{"href":"https:\/\/wagenervulcanizers.pl\/en\/wp-json\/wp\/v2\/pages"}],"about":[{"href":"https:\/\/wagenervulcanizers.pl\/en\/wp-json\/wp\/v2\/types\/page"}],"author":[{"embeddable":true,"href":"https:\/\/wagenervulcanizers.pl\/en\/wp-json\/wp\/v2\/users\/2"}],"replies":[{"embeddable":true,"href":"https:\/\/wagenervulcanizers.pl\/en\/wp-json\/wp\/v2\/comments?post=642"}],"version-history":[{"count":3,"href":"https:\/\/wagenervulcanizers.pl\/en\/wp-json\/wp\/v2\/pages\/642\/revisions"}],"predecessor-version":[{"id":645,"href":"https:\/\/wagenervulcanizers.pl\/en\/wp-json\/wp\/v2\/pages\/642\/revisions\/645"}],"wp:attachment":[{"href":"https:\/\/wagenervulcanizers.pl\/en\/wp-json\/wp\/v2\/media?parent=642"}],"curies":[{"name":"wp","href":"https:\/\/api.w.org\/{rel}","templated":true}]}}