{"id":445,"date":"2025-07-08T07:09:01","date_gmt":"2025-07-08T07:09:01","guid":{"rendered":"https:\/\/wagener-pl.pietrowski-digital.de\/?page_id=445"},"modified":"2026-02-13T08:17:16","modified_gmt":"2026-02-13T08:17:16","slug":"impressum","status":"publish","type":"page","link":"https:\/\/wagenervulcanizers.pl\/de\/impressum\/","title":{"rendered":"Impressum"},"content":{"rendered":"\t\t<div data-elementor-type=\"wp-page\" data-elementor-id=\"445\" class=\"elementor elementor-445\" data-elementor-post-type=\"page\">\n\t\t\t\t<div class=\"elementor-element elementor-element-97a4479 e-flex e-con-boxed e-con e-parent\" data-id=\"97a4479\" data-element_type=\"container\" data-e-type=\"container\" data-settings=\"{&quot;background_background&quot;:&quot;classic&quot;}\">\n\t\t\t\t\t<div class=\"e-con-inner\">\n\t\t\t\t<div class=\"elementor-element elementor-element-b2c38a3 elementor-widget elementor-widget-heading\" data-id=\"b2c38a3\" data-element_type=\"widget\" data-e-type=\"widget\" data-widget_type=\"heading.default\">\n\t\t\t\t<div class=\"elementor-widget-container\">\n\t\t\t\t\t<h3 class=\"elementor-heading-title elementor-size-default\">Impressum<\/h3>\t\t\t\t<\/div>\n\t\t\t\t<\/div>\n\t\t\t\t\t<\/div>\n\t\t\t\t<\/div>\n\t\t<div class=\"elementor-element elementor-element-62c6ff6 e-flex e-con-boxed e-con e-parent\" data-id=\"62c6ff6\" data-element_type=\"container\" data-e-type=\"container\">\n\t\t\t\t\t<div class=\"e-con-inner\">\n\t\t\t\t<div class=\"elementor-element elementor-element-3d46177 elementor-widget elementor-widget-spacer\" data-id=\"3d46177\" data-element_type=\"widget\" data-e-type=\"widget\" data-widget_type=\"spacer.default\">\n\t\t\t\t<div class=\"elementor-widget-container\">\n\t\t\t\t\t\t\t<div class=\"elementor-spacer\">\n\t\t\t<div class=\"elementor-spacer-inner\"><\/div>\n\t\t<\/div>\n\t\t\t\t\t\t<\/div>\n\t\t\t\t<\/div>\n\t\t\t\t\t<\/div>\n\t\t\t\t<\/div>\n\t\t<div class=\"elementor-element elementor-element-82b0c11 e-flex e-con-boxed e-con e-parent\" data-id=\"82b0c11\" data-element_type=\"container\" data-e-type=\"container\">\n\t\t\t\t\t<div class=\"e-con-inner\">\n\t\t\t\t<div class=\"elementor-element elementor-element-e43f928 elementor-widget elementor-widget-text-editor\" data-id=\"e43f928\" data-element_type=\"widget\" data-e-type=\"widget\" data-widget_type=\"text-editor.default\">\n\t\t\t\t<div class=\"elementor-widget-container\">\n\t\t\t\t\t\t\t\t\t<h3 class=\"font_7 wixui-rich-text__text\"><span class=\"wixui-rich-text__text\">Angaben gem\u00e4\u00df CEIDG:<\/span><\/h3><p>Vertretungsb\u00fcro CERTUS Andrzej \u0141akomy<br \/>ul. S\u0142owackiego 18<br \/>41-219 Sosnowiec<\/p><h3 class=\"font_7 wixui-rich-text__text\"><span class=\"wixui-rich-text__text\">Vertreten durch:<\/span><\/h3><p>\u00a0Andrzej \u0141akomy \u2013 Eigent\u00fcmer<br class=\"wixui-rich-text__text\" \/><br \/><\/p><h3 class=\"font_7 wixui-rich-text__text\"><span class=\"wixui-rich-text__text\">Kontakt:<\/span><\/h3><p class=\"font_7 wixui-rich-text__text\"><span class=\"wixui-rich-text__text\">Tel. +48 32 294 06 26<br \/>Mobil +48 509 304 934<a class=\"wixui-rich-text__text\" href=\"mailto:certus@arg.pl\" target=\"_self\"><br \/>certus@arg.pl<\/a><\/span><\/p><p class=\"font_7 wixui-rich-text__text\"><span class=\"wixui-rich-text__text\"><span class=\"wixGuard wixui-rich-text__text\">\u200b<\/span><\/span><\/p><h3 class=\"font_7 wixui-rich-text__text\"><span class=\"wixui-rich-text__text\">Registrierung:<\/span><\/h3><p class=\"font_7 wixui-rich-text__text\"><span class=\"wixui-rich-text__text\">Eintragung im CEIDG-Register <br class=\"wixui-rich-text__text\" \/><br \/><\/span><\/p><h3 class=\"font_7 wixui-rich-text__text\"><span class=\"wixui-rich-text__text\">Steuern:<\/span><\/h3><p class=\"font_7 wixui-rich-text__text\"><span class=\"wixui-rich-text__text\">Umsatzsteuer-Identifikationsnummer (NIP):<br class=\"wixui-rich-text__text\" \/>PL 9541673198<br \/><\/span><\/p><p class=\"font_7 wixui-rich-text__text\"><span class=\"wixui-rich-text__text\"><span class=\"wixGuard wixui-rich-text__text\">\u200b<\/span><\/span><\/p><h3 class=\"font_7 wixui-rich-text__text\">Streitbeilegung<\/h3><p class=\"font_7 wixui-rich-text__text\"><span class=\"wixui-rich-text__text\">Wir sind nicht bereit oder verpflichtet, an Streitbeilegungsverfahren vor einer Verbraucherschlichtungsstelle teilzunehmen.<\/span><\/p><p class=\"font_7 wixui-rich-text__text\"><span class=\"wixui-rich-text__text\"><span class=\"wixGuard wixui-rich-text__text\">\u200b<\/span><\/span><\/p><h3 class=\"font_7 wixui-rich-text__text\"><span class=\"wixui-rich-text__text\">Haftung f\u00fcr Inhalte<\/span><\/h3><p class=\"font_7 wixui-rich-text__text\"><span class=\"wixui-rich-text__text\">Als Diensteanbieter sind wir gem\u00e4\u00df \u00a7 7 Abs.1 TMG f\u00fcr eigene Inhalte auf diesen Seiten nach den allgemeinen Gesetzen verantwortlich. Nach \u00a7\u00a7 8 bis 10 TMG sind wir als Diensteanbieter jedoch nicht verpflichtet, \u00fcbermittelte oder gespeicherte fremde Informationen zu \u00fcberwachen oder nach Umst\u00e4nden zu forschen, die auf eine rechtswidrige T\u00e4tigkeit hinweisen.<\/span><\/p><p class=\"font_7 wixui-rich-text__text\"><span class=\"wixui-rich-text__text\">Verpflichtungen zur Entfernung oder Sperrung der Nutzung von Informationen nach den allgemeinen Gesetzen bleiben hiervon unber\u00fchrt. Eine diesbez\u00fcgliche Haftung ist jedoch erst ab dem Zeitpunkt der Kenntnis einer konkreten Rechtsverletzung m\u00f6glich. Bei Bekanntwerden von entsprechenden Rechtsverletzungen werden wir diese Inhalte umgehend entfernen.<\/span><\/p><p class=\"font_7 wixui-rich-text__text\"><span class=\"wixui-rich-text__text\">Haftung f\u00fcr Links<\/span><\/p><p class=\"font_7 wixui-rich-text__text\"><span class=\"wixui-rich-text__text\">Unser Angebot enth\u00e4lt Links zu externen Websites Dritter, auf deren Inhalte wir keinen Einfluss haben. Deshalb k\u00f6nnen wir f\u00fcr diese fremden Inhalte auch keine Gew\u00e4hr \u00fcbernehmen. F\u00fcr die Inhalte der verlinkten Seiten ist stets der jeweilige Anbieter oder Betreiber der Seiten verantwortlich. Die verlinkten Seiten wurden zum Zeitpunkt der Verlinkung auf m\u00f6gliche Rechtsverst\u00f6\u00dfe \u00fcberpr\u00fcft. Rechtswidrige Inhalte waren zum Zeitpunkt der Verlinkung nicht erkennbar.<\/span><\/p><p class=\"font_7 wixui-rich-text__text\"><span class=\"wixui-rich-text__text\">Eine permanente inhaltliche Kontrolle der verlinkten Seiten ist jedoch ohne konkrete Anhaltspunkte einer Rechtsverletzung nicht zumutbar. Bei Bekanntwerden von Rechtsverletzungen werden wir derartige Links umgehend entfernen.<\/span><\/p><p class=\"font_7 wixui-rich-text__text\"><span class=\"wixui-rich-text__text\"><span class=\"wixGuard wixui-rich-text__text\">\u200b<\/span><\/span><\/p><h3 class=\"font_7 wixui-rich-text__text\"><span class=\"wixui-rich-text__text\">Urheberrecht<\/span><\/h3><p class=\"font_7 wixui-rich-text__text\"><span class=\"wixui-rich-text__text\">Die durch die Seitenbetreiber erstellten Inhalte und Werke auf diesen Seiten unterliegen dem deutschen Urheberrecht. Die Vervielf\u00e4ltigung, Bearbeitung, Verbreitung und jede Art der Verwertung au\u00dferhalb der Grenzen des Urheberrechtes bed\u00fcrfen der schriftlichen Zustimmung des jeweiligen Autors bzw. Erstellers. Downloads und Kopien dieser Seite sind nur f\u00fcr den privaten, nicht kommerziellen Gebrauch gestattet.<\/span><\/p><p class=\"font_7 wixui-rich-text__text\"><span class=\"wixui-rich-text__text\">Soweit die Inhalte auf dieser Seite nicht vom Betreiber erstellt wurden, werden die Urheberrechte Dritter beachtet. Insbesondere werden Inhalte Dritter als solche gekennzeichnet. Sollten Sie trotzdem auf eine Urheberrechtsverletzung aufmerksam werden, bitten wir um einen entsprechenden Hinweis. Bei Bekanntwerden von Rechtsverletzungen werden wir derartige Inhalte umgehend entfernen.<\/span><\/p><p class=\"font_7 wixui-rich-text__text\"><span class=\"wixui-rich-text__text\">Copyright \u00a9 2025. \u00c4nderungen vorbehalten.<\/span><\/p>\t\t\t\t\t\t\t\t<\/div>\n\t\t\t\t<\/div>\n\t\t\t\t\t<\/div>\n\t\t\t\t<\/div>\n\t\t<div class=\"elementor-element elementor-element-3d1d936 e-flex e-con-boxed e-con e-parent\" data-id=\"3d1d936\" data-element_type=\"container\" data-e-type=\"container\">\n\t\t\t\t\t<div class=\"e-con-inner\">\n\t\t\t\t<div class=\"elementor-element elementor-element-37b6d69 elementor-widget elementor-widget-spacer\" data-id=\"37b6d69\" data-element_type=\"widget\" data-e-type=\"widget\" data-widget_type=\"spacer.default\">\n\t\t\t\t<div class=\"elementor-widget-container\">\n\t\t\t\t\t\t\t<div class=\"elementor-spacer\">\n\t\t\t<div class=\"elementor-spacer-inner\"><\/div>\n\t\t<\/div>\n\t\t\t\t\t\t<\/div>\n\t\t\t\t<\/div>\n\t\t\t\t\t<\/div>\n\t\t\t\t<\/div>\n\t\t\t\t<\/div>\n\t\t","protected":false},"excerpt":{"rendered":"<p>Impressum Angaben gem\u00e4\u00df CEIDG: Vertretungsb\u00fcro CERTUS Andrzej \u0141akomyul. S\u0142owackiego 1841-219 Sosnowiec Vertreten durch: \u00a0Andrzej \u0141akomy \u2013 Eigent\u00fcmer Kontakt: Tel. +48 32 294 06 26Mobil +48 509 304 934certus@arg.pl \u200b Registrierung: Eintragung im CEIDG-Register Steuern: Umsatzsteuer-Identifikationsnummer (NIP):PL 9541673198 \u200b Streitbeilegung Wir sind nicht bereit oder verpflichtet, an Streitbeilegungsverfahren vor einer Verbraucherschlichtungsstelle teilzunehmen. \u200b Haftung f\u00fcr Inhalte [&hellip;]<\/p>\n","protected":false},"author":2,"featured_media":0,"parent":0,"menu_order":0,"comment_status":"closed","ping_status":"closed","template":"","meta":{"ocean_post_layout":"","ocean_both_sidebars_style":"","ocean_both_sidebars_content_width":0,"ocean_both_sidebars_sidebars_width":0,"ocean_sidebar":"","ocean_second_sidebar":"","ocean_disable_margins":"enable","ocean_add_body_class":"","ocean_shortcode_before_top_bar":"","ocean_shortcode_after_top_bar":"","ocean_shortcode_before_header":"","ocean_shortcode_after_header":"","ocean_has_shortcode":"","ocean_shortcode_after_title":"","ocean_shortcode_before_footer_widgets":"","ocean_shortcode_after_footer_widgets":"","ocean_shortcode_before_footer_bottom":"","ocean_shortcode_after_footer_bottom":"","ocean_display_top_bar":"default","ocean_display_header":"default","ocean_header_style":"","ocean_center_header_left_menu":"","ocean_custom_header_template":"","ocean_custom_logo":0,"ocean_custom_retina_logo":0,"ocean_custom_logo_max_width":0,"ocean_custom_logo_tablet_max_width":0,"ocean_custom_logo_mobile_max_width":0,"ocean_custom_logo_max_height":0,"ocean_custom_logo_tablet_max_height":0,"ocean_custom_logo_mobile_max_height":0,"ocean_header_custom_menu":"","ocean_menu_typo_font_family":"","ocean_menu_typo_font_subset":"","ocean_menu_typo_font_size":0,"ocean_menu_typo_font_size_tablet":0,"ocean_menu_typo_font_size_mobile":0,"ocean_menu_typo_font_size_unit":"px","ocean_menu_typo_font_weight":"","ocean_menu_typo_font_weight_tablet":"","ocean_menu_typo_font_weight_mobile":"","ocean_menu_typo_transform":"","ocean_menu_typo_transform_tablet":"","ocean_menu_typo_transform_mobile":"","ocean_menu_typo_line_height":0,"ocean_menu_typo_line_height_tablet":0,"ocean_menu_typo_line_height_mobile":0,"ocean_menu_typo_line_height_unit":"","ocean_menu_typo_spacing":0,"ocean_menu_typo_spacing_tablet":0,"ocean_menu_typo_spacing_mobile":0,"ocean_menu_typo_spacing_unit":"","ocean_menu_link_color":"","ocean_menu_link_color_hover":"","ocean_menu_link_color_active":"","ocean_menu_link_background":"","ocean_menu_link_hover_background":"","ocean_menu_link_active_background":"","ocean_menu_social_links_bg":"","ocean_menu_social_hover_links_bg":"","ocean_menu_social_links_color":"","ocean_menu_social_hover_links_color":"","ocean_disable_title":"default","ocean_disable_heading":"default","ocean_post_title":"","ocean_post_subheading":"","ocean_post_title_style":"","ocean_post_title_background_color":"","ocean_post_title_background":0,"ocean_post_title_bg_image_position":"","ocean_post_title_bg_image_attachment":"","ocean_post_title_bg_image_repeat":"","ocean_post_title_bg_image_size":"","ocean_post_title_height":0,"ocean_post_title_bg_overlay":0.5,"ocean_post_title_bg_overlay_color":"","ocean_disable_breadcrumbs":"default","ocean_breadcrumbs_color":"","ocean_breadcrumbs_separator_color":"","ocean_breadcrumbs_links_color":"","ocean_breadcrumbs_links_hover_color":"","ocean_display_footer_widgets":"default","ocean_display_footer_bottom":"default","ocean_custom_footer_template":"","footnotes":""},"class_list":["post-445","page","type-page","status-publish","hentry","entry"],"_links":{"self":[{"href":"https:\/\/wagenervulcanizers.pl\/de\/wp-json\/wp\/v2\/pages\/445","targetHints":{"allow":["GET"]}}],"collection":[{"href":"https:\/\/wagenervulcanizers.pl\/de\/wp-json\/wp\/v2\/pages"}],"about":[{"href":"https:\/\/wagenervulcanizers.pl\/de\/wp-json\/wp\/v2\/types\/page"}],"author":[{"embeddable":true,"href":"https:\/\/wagenervulcanizers.pl\/de\/wp-json\/wp\/v2\/users\/2"}],"replies":[{"embeddable":true,"href":"https:\/\/wagenervulcanizers.pl\/de\/wp-json\/wp\/v2\/comments?post=445"}],"version-history":[{"count":7,"href":"https:\/\/wagenervulcanizers.pl\/de\/wp-json\/wp\/v2\/pages\/445\/revisions"}],"predecessor-version":[{"id":607,"href":"https:\/\/wagenervulcanizers.pl\/de\/wp-json\/wp\/v2\/pages\/445\/revisions\/607"}],"wp:attachment":[{"href":"https:\/\/wagenervulcanizers.pl\/de\/wp-json\/wp\/v2\/media?parent=445"}],"curies":[{"name":"wp","href":"https:\/\/api.w.org\/{rel}","templated":true}]}}