{"id":17,"date":"2025-04-07T11:34:05","date_gmt":"2025-04-07T11:34:05","guid":{"rendered":"https:\/\/wagener-pl.pietrowski-digital.de\/?page_id=17"},"modified":"2026-02-03T15:12:16","modified_gmt":"2026-02-03T15:12:16","slug":"home","status":"publish","type":"page","link":"https:\/\/wagenervulcanizers.pl\/de\/","title":{"rendered":"Home"},"content":{"rendered":"\t\t<div data-elementor-type=\"wp-page\" data-elementor-id=\"17\" class=\"elementor elementor-17\" data-elementor-post-type=\"page\">\n\t\t\t\t<div class=\"elementor-element elementor-element-1a3a8fe e-con-full e-flex e-con e-parent\" data-id=\"1a3a8fe\" data-element_type=\"container\" data-e-type=\"container\" data-settings=\"{&quot;background_background&quot;:&quot;classic&quot;}\">\n\t\t<div class=\"elementor-element elementor-element-6fd7a06 e-con-full e-flex e-con e-child\" data-id=\"6fd7a06\" data-element_type=\"container\" data-e-type=\"container\">\n\t\t\t\t<div class=\"elementor-element elementor-element-7ef22ae elementor-widget__width-initial elementor-widget elementor-widget-heading\" data-id=\"7ef22ae\" data-element_type=\"widget\" data-e-type=\"widget\" data-widget_type=\"heading.default\">\n\t\t\t\t<div class=\"elementor-widget-container\">\n\t\t\t\t\t<h1 class=\"elementor-heading-title elementor-size-default\">CERTUS<\/h1>\t\t\t\t<\/div>\n\t\t\t\t<\/div>\n\t\t\t\t<div class=\"elementor-element elementor-element-436718f elementor-widget elementor-widget-text-editor\" data-id=\"436718f\" data-element_type=\"widget\" data-e-type=\"widget\" data-widget_type=\"text-editor.default\">\n\t\t\t\t<div class=\"elementor-widget-container\">\n\t\t\t\t\t\t\t\t\t<p><span data-olk-copy-source=\"MessageBody\">Biuro Przedstawicielskie<\/span><\/p>\t\t\t\t\t\t\t\t<\/div>\n\t\t\t\t<\/div>\n\t\t\t\t<\/div>\n\t\t\t\t<\/div>\n\t\t<div class=\"elementor-element elementor-element-30732d4 e-flex e-con-boxed e-con e-parent\" data-id=\"30732d4\" data-element_type=\"container\" data-e-type=\"container\" data-settings=\"{&quot;background_background&quot;:&quot;classic&quot;}\">\n\t\t\t\t\t<div class=\"e-con-inner\">\n\t\t<div class=\"elementor-element elementor-element-47cfbc9 e-con-full e-flex elementor-invisible e-con e-child\" data-id=\"47cfbc9\" data-element_type=\"container\" data-e-type=\"container\" data-settings=\"{&quot;background_background&quot;:&quot;classic&quot;,&quot;animation&quot;:&quot;zoomIn&quot;}\">\n\t\t\t\t<div class=\"elementor-element elementor-element-649a536 animated-fast elementor-widget-mobile__width-inherit elementor-widget__width-initial elementor-invisible elementor-widget elementor-widget-heading\" data-id=\"649a536\" data-element_type=\"widget\" data-e-type=\"widget\" data-settings=\"{&quot;_animation&quot;:&quot;fadeIn&quot;}\" data-widget_type=\"heading.default\">\n\t\t\t\t<div class=\"elementor-widget-container\">\n\t\t\t\t\t<h1 class=\"elementor-heading-title elementor-size-default\">Seit mehr als 3 Jahrzehnten<br>\nVertreter von WAGENER Vulcanizers!<\/h1>\t\t\t\t<\/div>\n\t\t\t\t<\/div>\n\t\t\t\t<div class=\"elementor-element elementor-element-493f0f9 elementor-widget elementor-widget-spacer\" data-id=\"493f0f9\" data-element_type=\"widget\" data-e-type=\"widget\" data-widget_type=\"spacer.default\">\n\t\t\t\t<div class=\"elementor-widget-container\">\n\t\t\t\t\t\t\t<div class=\"elementor-spacer\">\n\t\t\t<div class=\"elementor-spacer-inner\"><\/div>\n\t\t<\/div>\n\t\t\t\t\t\t<\/div>\n\t\t\t\t<\/div>\n\t\t\t\t<div class=\"elementor-element elementor-element-9ff8af8 elementor-widget__width-initial elementor-widget elementor-widget-image\" data-id=\"9ff8af8\" data-element_type=\"widget\" data-e-type=\"widget\" data-widget_type=\"image.default\">\n\t\t\t\t<div class=\"elementor-widget-container\">\n\t\t\t\t\t\t\t\t\t\t\t\t\t\t\t\t<a href=\"https:\/\/wagenervulcanizers.com\/\">\n\t\t\t\t\t\t\t<img fetchpriority=\"high\" decoding=\"async\" width=\"400\" height=\"177\" src=\"https:\/\/wagenervulcanizers.pl\/wp-content\/uploads\/2025\/04\/xbb28695a-760a-49be-b14f-0ff10c951ae5.jpeg.pagespeed.ic_.kEtVDCDMrb.webp\" class=\"attachment-large size-large wp-image-304\" alt=\"\" srcset=\"https:\/\/wagenervulcanizers.pl\/wp-content\/uploads\/2025\/04\/xbb28695a-760a-49be-b14f-0ff10c951ae5.jpeg.pagespeed.ic_.kEtVDCDMrb.webp 400w, https:\/\/wagenervulcanizers.pl\/wp-content\/uploads\/2025\/04\/xbb28695a-760a-49be-b14f-0ff10c951ae5.jpeg.pagespeed.ic_.kEtVDCDMrb-300x133.webp 300w\" sizes=\"(max-width: 400px) 100vw, 400px\" \/>\t\t\t\t\t\t\t\t<\/a>\n\t\t\t\t\t\t\t\t\t\t\t\t\t\t\t<\/div>\n\t\t\t\t<\/div>\n\t\t\t\t<div class=\"elementor-element elementor-element-68f43ce elementor-widget elementor-widget-spacer\" data-id=\"68f43ce\" data-element_type=\"widget\" data-e-type=\"widget\" data-widget_type=\"spacer.default\">\n\t\t\t\t<div class=\"elementor-widget-container\">\n\t\t\t\t\t\t\t<div class=\"elementor-spacer\">\n\t\t\t<div class=\"elementor-spacer-inner\"><\/div>\n\t\t<\/div>\n\t\t\t\t\t\t<\/div>\n\t\t\t\t<\/div>\n\t\t\t\t<\/div>\n\t\t\t\t\t<\/div>\n\t\t\t\t<\/div>\n\t\t<div class=\"elementor-element elementor-element-1599429 e-flex e-con-boxed e-con e-parent\" data-id=\"1599429\" data-element_type=\"container\" data-e-type=\"container\" data-settings=\"{&quot;background_background&quot;:&quot;classic&quot;}\">\n\t\t\t\t\t<div class=\"e-con-inner\">\n\t\t<div class=\"elementor-element elementor-element-a7763f8 e-con-full e-flex e-con e-child\" data-id=\"a7763f8\" data-element_type=\"container\" data-e-type=\"container\">\n\t\t<div class=\"elementor-element elementor-element-18da92d e-con-full e-flex e-con e-child\" data-id=\"18da92d\" data-element_type=\"container\" data-e-type=\"container\" data-settings=\"{&quot;background_background&quot;:&quot;classic&quot;}\">\n\t\t\t\t<\/div>\n\t\t<div class=\"elementor-element elementor-element-73360b1 e-con-full e-flex e-con e-child\" data-id=\"73360b1\" data-element_type=\"container\" data-e-type=\"container\" data-settings=\"{&quot;background_background&quot;:&quot;classic&quot;}\">\n\t\t\t\t<div class=\"elementor-element elementor-element-723f788 elementor-widget elementor-widget-heading\" data-id=\"723f788\" data-element_type=\"widget\" data-e-type=\"widget\" data-widget_type=\"heading.default\">\n\t\t\t\t<div class=\"elementor-widget-container\">\n\t\t\t\t\t<h2 class=\"elementor-heading-title elementor-size-default\">Unser verl\u00e4sslicher und langj\u00e4hriger Partner in Polen\n<br>Andrzej \u0141akomy \u2013 \u00fcber 35 Jahre Erfahrung<\/h2>\t\t\t\t<\/div>\n\t\t\t\t<\/div>\n\t\t\t\t<div class=\"elementor-element elementor-element-0a8e9a5 elementor-widget elementor-widget-text-editor\" data-id=\"0a8e9a5\" data-element_type=\"widget\" data-e-type=\"widget\" data-widget_type=\"text-editor.default\">\n\t\t\t\t<div class=\"elementor-widget-container\">\n\t\t\t\t\t\t\t\t\t<p>Mit seinem umfangreichen Know-how und einem tiefen Verst\u00e4ndnis f\u00fcr die F\u00f6rderbandtechnik ist Andrzej \u0141akomy seit Jahrzehnten ein gesch\u00e4tzter Partner der WAGENER Vulcanizers in Polen.<\/p><p>\u201e\u00dcber Jahrzehnte hinweg haben wir gemeinsam den Markt f\u00fcr Vulkanisierpressen in Polen gepr\u00e4gt. Die Qualit\u00e4t von WAGENER Vulcanizers hat sich bei allen gro\u00dfen Industriepartnern bew\u00e4hrt.\u201c<br data-start=\"2883\" data-end=\"2886\" \/>\u2014 <strong data-start=\"2890\" data-end=\"2908\">Andrzej \u0141akomy<\/strong><\/p>\t\t\t\t\t\t\t\t<\/div>\n\t\t\t\t<\/div>\n\t\t\t\t<\/div>\n\t\t\t\t<\/div>\n\t\t<div class=\"elementor-element elementor-element-75c50f3 e-con-full e-flex e-con e-child\" data-id=\"75c50f3\" data-element_type=\"container\" data-e-type=\"container\">\n\t\t<div class=\"elementor-element elementor-element-6152a79 e-con-full e-flex e-con e-child\" data-id=\"6152a79\" data-element_type=\"container\" data-e-type=\"container\" data-settings=\"{&quot;background_background&quot;:&quot;classic&quot;}\">\n\t\t\t\t<div class=\"elementor-element elementor-element-4cbac2a elementor-widget elementor-widget-heading\" data-id=\"4cbac2a\" data-element_type=\"widget\" data-e-type=\"widget\" data-widget_type=\"heading.default\">\n\t\t\t\t<div class=\"elementor-widget-container\">\n\t\t\t\t\t<h2 class=\"elementor-heading-title elementor-size-default\">\u00dcber Andrzej \u0141akomy <\/h2>\t\t\t\t<\/div>\n\t\t\t\t<\/div>\n\t\t\t\t<\/div>\n\t\t<div class=\"elementor-element elementor-element-72c816b e-con-full e-flex e-con e-child\" data-id=\"72c816b\" data-element_type=\"container\" data-e-type=\"container\" data-settings=\"{&quot;background_background&quot;:&quot;classic&quot;}\">\n\t\t\t\t<div class=\"elementor-element elementor-element-c1339b7 e-n-tabs-mobile elementor-invisible elementor-widget elementor-widget-n-tabs\" data-id=\"c1339b7\" data-element_type=\"widget\" data-e-type=\"widget\" data-settings=\"{&quot;_animation&quot;:&quot;fadeInUp&quot;,&quot;horizontal_scroll&quot;:&quot;disable&quot;}\" data-widget_type=\"nested-tabs.default\">\n\t\t\t\t<div class=\"elementor-widget-container\">\n\t\t\t\t\t\t\t<div class=\"e-n-tabs\" data-widget-number=\"202586551\" aria-label=\"Tabs. Open items with Enter or Space, close with Escape and navigate using the Arrow keys.\">\n\t\t\t<div class=\"e-n-tabs-heading\" role=\"tablist\">\n\t\t\t\t\t<button id=\"e-n-tab-title-2025865511\" data-tab-title-id=\"e-n-tab-title-2025865511\" class=\"e-n-tab-title elementor-animation-grow\" aria-selected=\"true\" data-tab-index=\"1\" role=\"tab\" tabindex=\"0\" aria-controls=\"e-n-tab-content-2025865511\" style=\"--n-tabs-title-order: 1;\">\n\t\t\t\t\t\t<span class=\"e-n-tab-title-text\">\n\t\t\t\tEnde 1980er \u2013 Berufseinstieg\t\t\t<\/span>\n\t\t<\/button>\n\t\t\t\t<button id=\"e-n-tab-title-2025865512\" data-tab-title-id=\"e-n-tab-title-2025865512\" class=\"e-n-tab-title elementor-animation-grow\" aria-selected=\"false\" data-tab-index=\"2\" role=\"tab\" tabindex=\"-1\" aria-controls=\"e-n-tab-content-2025865512\" style=\"--n-tabs-title-order: 2;\">\n\t\t\t\t\t\t<span class=\"e-n-tab-title-text\">\n\t\t\t\t1990 \u2013 Beginn der Zusammenarbeit mit WAGENER\t\t\t<\/span>\n\t\t<\/button>\n\t\t\t\t<button id=\"e-n-tab-title-2025865513\" data-tab-title-id=\"e-n-tab-title-2025865513\" class=\"e-n-tab-title elementor-animation-grow\" aria-selected=\"false\" data-tab-index=\"3\" role=\"tab\" tabindex=\"-1\" aria-controls=\"e-n-tab-content-2025865513\" style=\"--n-tabs-title-order: 3;\">\n\t\t\t\t\t\t<span class=\"e-n-tab-title-text\">\n\t\t\t\t1997 \u2013 Gr\u00fcndung der eigenen Handelsfirma\t\t\t<\/span>\n\t\t<\/button>\n\t\t\t\t<button id=\"e-n-tab-title-2025865514\" data-tab-title-id=\"e-n-tab-title-2025865514\" class=\"e-n-tab-title elementor-animation-grow\" aria-selected=\"false\" data-tab-index=\"4\" role=\"tab\" tabindex=\"-1\" aria-controls=\"e-n-tab-content-2025865514\" style=\"--n-tabs-title-order: 4;\">\n\t\t\t\t\t\t<span class=\"e-n-tab-title-text\">\n\t\t\t\t2000\u20132015 \u2013 Vertretung f\u00fchrender Hersteller\t\t\t<\/span>\n\t\t<\/button>\n\t\t\t\t<button id=\"e-n-tab-title-2025865515\" data-tab-title-id=\"e-n-tab-title-2025865515\" class=\"e-n-tab-title elementor-animation-grow\" aria-selected=\"false\" data-tab-index=\"5\" role=\"tab\" tabindex=\"-1\" aria-controls=\"e-n-tab-content-2025865515\" style=\"--n-tabs-title-order: 5;\">\n\t\t\t\t\t\t<span class=\"e-n-tab-title-text\">\n\t\t\t\tHeute \u2013 Exklusivpartner von WAGENER Vulcanizers in Polen\t\t\t<\/span>\n\t\t<\/button>\n\t\t\t\t\t<\/div>\n\t\t\t<div class=\"e-n-tabs-content\">\n\t\t\t\t<div id=\"e-n-tab-content-2025865511\" role=\"tabpanel\" aria-labelledby=\"e-n-tab-title-2025865511\" data-tab-index=\"1\" style=\"--n-tabs-title-order: 1;\" class=\"e-active elementor-element elementor-element-d1ad19f e-con-full e-flex e-con e-child\" data-id=\"d1ad19f\" data-element_type=\"container\" data-e-type=\"container\">\n\t\t\t\t<div class=\"elementor-element elementor-element-0a02bb0 elementor-widget elementor-widget-text-editor\" data-id=\"0a02bb0\" data-element_type=\"widget\" data-e-type=\"widget\" data-widget_type=\"text-editor.default\">\n\t\t\t\t<div class=\"elementor-widget-container\">\n\t\t\t\t\t\t\t\t\t<p>Andrzej \u0141akomy ist ausgebildeter Verkehrsingenieur mit einem beruflichen Werdegang, der bis in die sp\u00e4ten 1980er Jahre zur\u00fcckreicht. Bereits fr\u00fch verlagerte sich sein Fokus vom Ingenieurwesen auf den internationalen Au\u00dfenhandel. Zun\u00e4chst war er in einem staatlichen Au\u00dfenhandelsunternehmen t\u00e4tig, sp\u00e4ter in einem privaten.<\/p>\t\t\t\t\t\t\t\t<\/div>\n\t\t\t\t<\/div>\n\t\t\t\t<\/div>\n\t\t<div id=\"e-n-tab-content-2025865512\" role=\"tabpanel\" aria-labelledby=\"e-n-tab-title-2025865512\" data-tab-index=\"2\" style=\"--n-tabs-title-order: 2;\" class=\" elementor-element elementor-element-2662448 e-con-full e-flex e-con e-child\" data-id=\"2662448\" data-element_type=\"container\" data-e-type=\"container\">\n\t\t\t\t<div class=\"elementor-element elementor-element-5a38ad9 elementor-widget elementor-widget-text-editor\" data-id=\"5a38ad9\" data-element_type=\"widget\" data-e-type=\"widget\" data-widget_type=\"text-editor.default\">\n\t\t\t\t<div class=\"elementor-widget-container\">\n\t\t\t\t\t\t\t\t\t<p>Seit Anfang der 1990er Jahre verbindet Andrzej \u0141akomy eine enge Partnerschaft mit der Firma WAGENER Schwelm \u2013 damals noch ein traditionsreiches Familienunternehmen mit Sitz in Deutschland. Schon in dieser fr\u00fchen Phase begann er, WAGENER Vulcanizers exklusiv in Polen zu vertreten.<\/p>\t\t\t\t\t\t\t\t<\/div>\n\t\t\t\t<\/div>\n\t\t\t\t<\/div>\n\t\t<div id=\"e-n-tab-content-2025865513\" role=\"tabpanel\" aria-labelledby=\"e-n-tab-title-2025865513\" data-tab-index=\"3\" style=\"--n-tabs-title-order: 3;\" class=\" elementor-element elementor-element-ec65636 e-con-full e-flex e-con e-child\" data-id=\"ec65636\" data-element_type=\"container\" data-e-type=\"container\">\n\t\t\t\t<div class=\"elementor-element elementor-element-d8ccbf6 elementor-widget elementor-widget-text-editor\" data-id=\"d8ccbf6\" data-element_type=\"widget\" data-e-type=\"widget\" data-widget_type=\"text-editor.default\">\n\t\t\t\t<div class=\"elementor-widget-container\">\n\t\t\t\t\t\t\t\t\t<p>Nach \u00fcber einem Jahrzehnt Erfahrung im Au\u00dfenhandel gr\u00fcndete Andrzej \u0141akomy im Jahr 1997 seine eigene Handelsfirma. Der Schwerpunkt: Die Vertretung deutscher Hersteller von F\u00f6rderbandsystemen sowie deren kompletter Wartungs- und Instandhaltungstechnik f\u00fcr den polnischen Markt.<\/p>\t\t\t\t\t\t\t\t<\/div>\n\t\t\t\t<\/div>\n\t\t\t\t<\/div>\n\t\t<div id=\"e-n-tab-content-2025865514\" role=\"tabpanel\" aria-labelledby=\"e-n-tab-title-2025865514\" data-tab-index=\"4\" style=\"--n-tabs-title-order: 4;\" class=\" elementor-element elementor-element-5d37771 e-con-full e-flex e-con e-child\" data-id=\"5d37771\" data-element_type=\"container\" data-e-type=\"container\">\n\t\t\t\t<div class=\"elementor-element elementor-element-3032fd5 elementor-widget elementor-widget-text-editor\" data-id=\"3032fd5\" data-element_type=\"widget\" data-e-type=\"widget\" data-widget_type=\"text-editor.default\">\n\t\t\t\t<div class=\"elementor-widget-container\">\n\t\t\t\t\t\t\t\t\t<p>In den Folgejahren war Andrzej \u0141akomy langj\u00e4hriger Vertreter renommierter Hersteller wie der Clouth AG aus K\u00f6ln, der IMAS SA aus Griechenland sowie der ContiTech GmbH. Seine Expertise lag insbesondere im Bereich F\u00f6rderb\u00e4nder f\u00fcr den Tagebau. In dieser Zeit etablierte er sich als feste Gr\u00f6\u00dfe im polnischen Industriemarkt.<\/p>\t\t\t\t\t\t\t\t<\/div>\n\t\t\t\t<\/div>\n\t\t\t\t<\/div>\n\t\t<div id=\"e-n-tab-content-2025865515\" role=\"tabpanel\" aria-labelledby=\"e-n-tab-title-2025865515\" data-tab-index=\"5\" style=\"--n-tabs-title-order: 5;\" class=\" elementor-element elementor-element-98ad432 e-con-full e-flex e-con e-child\" data-id=\"98ad432\" data-element_type=\"container\" data-e-type=\"container\">\n\t\t\t\t<div class=\"elementor-element elementor-element-50e6403 elementor-widget elementor-widget-text-editor\" data-id=\"50e6403\" data-element_type=\"widget\" data-e-type=\"widget\" data-widget_type=\"text-editor.default\">\n\t\t\t\t<div class=\"elementor-widget-container\">\n\t\t\t\t\t\t\t\t\t<p>Auch nach der \u00dcbernahme von WAGENER Vulcanizers durch die NILOS GmbH blieb Andrzej \u0141akomy exklusiver Vertreter der Marke in Polen. Gemeinsam wurden \u00fcber die Jahre Hunderte von Anlagen in unterschiedlichsten Konfigurationen an namhafte Kunden in der Bergbau- und Transportindustrie geliefert. Trotz des Strukturwandels im Energiesektor bleibt WAGENER Vulcanizers \u2013 unter seiner Leitung \u2013 weiterhin f\u00fchrender Lieferant f\u00fcr den polnischen Untertagebau.<\/p>\t\t\t\t\t\t\t\t<\/div>\n\t\t\t\t<\/div>\n\t\t\t\t<\/div>\n\t\t\t\t\t<\/div>\n\t\t<\/div>\n\t\t\t\t\t\t<\/div>\n\t\t\t\t<\/div>\n\t\t\t\t<\/div>\n\t\t\t\t<\/div>\n\t\t\t\t\t<\/div>\n\t\t\t\t<\/div>\n\t\t<div class=\"elementor-element elementor-element-bcb74ed e-flex e-con-boxed e-con e-parent\" data-id=\"bcb74ed\" data-element_type=\"container\" data-e-type=\"container\" data-settings=\"{&quot;background_background&quot;:&quot;classic&quot;}\">\n\t\t\t\t\t<div class=\"e-con-inner\">\n\t\t<div class=\"elementor-element elementor-element-963fb56 e-con-full e-flex elementor-invisible e-con e-child\" data-id=\"963fb56\" data-element_type=\"container\" data-e-type=\"container\" data-settings=\"{&quot;background_background&quot;:&quot;classic&quot;,&quot;animation&quot;:&quot;bounceInRight&quot;}\">\n\t\t<div class=\"elementor-element elementor-element-17f186f e-con-full e-flex e-con e-child\" data-id=\"17f186f\" data-element_type=\"container\" data-e-type=\"container\" data-settings=\"{&quot;background_background&quot;:&quot;classic&quot;}\">\n\t\t\t\t<\/div>\n\t\t<div class=\"elementor-element elementor-element-19bbabf e-con-full e-flex e-con e-child\" data-id=\"19bbabf\" data-element_type=\"container\" data-e-type=\"container\" data-settings=\"{&quot;background_background&quot;:&quot;classic&quot;}\">\n\t\t\t\t<div class=\"elementor-element elementor-element-c06b02c elementor-widget elementor-widget-heading\" data-id=\"c06b02c\" data-element_type=\"widget\" data-e-type=\"widget\" data-widget_type=\"heading.default\">\n\t\t\t\t<div class=\"elementor-widget-container\">\n\t\t\t\t\t<h2 class=\"elementor-heading-title elementor-size-default\">Technologie, die \u00fcberzeugt \u2013 KLIV\u00ae-Vulkanisierpressen<\/h2>\t\t\t\t<\/div>\n\t\t\t\t<\/div>\n\t\t\t\t<div class=\"elementor-element elementor-element-087f1f5 elementor-widget elementor-widget-text-editor\" data-id=\"087f1f5\" data-element_type=\"widget\" data-e-type=\"widget\" data-widget_type=\"text-editor.default\">\n\t\t\t\t<div class=\"elementor-widget-container\">\n\t\t\t\t\t\t\t\t\t<p><strong data-start=\"114\" data-end=\"235\">Mit KLIV\u00ae-Vulkanisierpressen von WAGENER Vulcanizers erzielen Sie eine gleichm\u00e4\u00dfige Temperaturverteilung \u2013 ganz ohne elektronische Steuerung.<\/strong><br data-start=\"235\" data-end=\"238\" \/>Das selbstregelnde Keramik-Heizsystem passt die Temperatur automatisch und stufenlos bis max. 165\u202f\u00b0C an.<br data-start=\"342\" data-end=\"345\" \/><strong data-start=\"345\" data-end=\"427\">Ein \u00dcberhitzen ist ausgeschlossen \u2013 f\u00fcr sicheres, zuverl\u00e4ssiges Vulkanisieren.<\/strong><\/p>\t\t\t\t\t\t\t\t<\/div>\n\t\t\t\t<\/div>\n\t\t\t\t<div class=\"elementor-element elementor-element-3a18df9 elementor-widget elementor-widget-button\" data-id=\"3a18df9\" data-element_type=\"widget\" data-e-type=\"widget\" data-widget_type=\"button.default\">\n\t\t\t\t<div class=\"elementor-widget-container\">\n\t\t\t\t\t\t\t\t\t<div class=\"elementor-button-wrapper\">\n\t\t\t\t\t<a class=\"elementor-button elementor-button-link elementor-size-sm elementor-animation-grow\" href=\"https:\/\/wagenervulcanizers.com\/en\/kliv-series\/\">\n\t\t\t\t\t\t<span class=\"elementor-button-content-wrapper\">\n\t\t\t\t\t\t\t\t\t<span class=\"elementor-button-text\">Mehr Erfahren<\/span>\n\t\t\t\t\t<\/span>\n\t\t\t\t\t<\/a>\n\t\t\t\t<\/div>\n\t\t\t\t\t\t\t\t<\/div>\n\t\t\t\t<\/div>\n\t\t\t\t<\/div>\n\t\t\t\t<\/div>\n\t\t\t\t\t<\/div>\n\t\t\t\t<\/div>\n\t\t\t\t<\/div>\n\t\t","protected":false},"excerpt":{"rendered":"<p>CERTUS Biuro Przedstawicielskie Seit mehr als 3 Jahrzehnten Vertreter von WAGENER Vulcanizers! Unser verl\u00e4sslicher und langj\u00e4hriger Partner in Polen Andrzej \u0141akomy \u2013 \u00fcber 35 Jahre Erfahrung Mit seinem umfangreichen Know-how und einem tiefen Verst\u00e4ndnis f\u00fcr die F\u00f6rderbandtechnik ist Andrzej \u0141akomy seit Jahrzehnten ein gesch\u00e4tzter Partner der WAGENER Vulcanizers in Polen. \u201e\u00dcber Jahrzehnte hinweg haben wir [&hellip;]<\/p>\n","protected":false},"author":2,"featured_media":0,"parent":0,"menu_order":0,"comment_status":"closed","ping_status":"closed","template":"","meta":{"ocean_post_layout":"","ocean_both_sidebars_style":"","ocean_both_sidebars_content_width":0,"ocean_both_sidebars_sidebars_width":0,"ocean_sidebar":"","ocean_second_sidebar":"","ocean_disable_margins":"enable","ocean_add_body_class":"","ocean_shortcode_before_top_bar":"","ocean_shortcode_after_top_bar":"","ocean_shortcode_before_header":"","ocean_shortcode_after_header":"","ocean_has_shortcode":"","ocean_shortcode_after_title":"","ocean_shortcode_before_footer_widgets":"","ocean_shortcode_after_footer_widgets":"","ocean_shortcode_before_footer_bottom":"","ocean_shortcode_after_footer_bottom":"","ocean_display_top_bar":"default","ocean_display_header":"default","ocean_header_style":"","ocean_center_header_left_menu":"","ocean_custom_header_template":"","ocean_custom_logo":0,"ocean_custom_retina_logo":0,"ocean_custom_logo_max_width":0,"ocean_custom_logo_tablet_max_width":0,"ocean_custom_logo_mobile_max_width":0,"ocean_custom_logo_max_height":0,"ocean_custom_logo_tablet_max_height":0,"ocean_custom_logo_mobile_max_height":0,"ocean_header_custom_menu":"","ocean_menu_typo_font_family":"","ocean_menu_typo_font_subset":"","ocean_menu_typo_font_size":0,"ocean_menu_typo_font_size_tablet":0,"ocean_menu_typo_font_size_mobile":0,"ocean_menu_typo_font_size_unit":"px","ocean_menu_typo_font_weight":"","ocean_menu_typo_font_weight_tablet":"","ocean_menu_typo_font_weight_mobile":"","ocean_menu_typo_transform":"","ocean_menu_typo_transform_tablet":"","ocean_menu_typo_transform_mobile":"","ocean_menu_typo_line_height":0,"ocean_menu_typo_line_height_tablet":0,"ocean_menu_typo_line_height_mobile":0,"ocean_menu_typo_line_height_unit":"","ocean_menu_typo_spacing":0,"ocean_menu_typo_spacing_tablet":0,"ocean_menu_typo_spacing_mobile":0,"ocean_menu_typo_spacing_unit":"","ocean_menu_link_color":"","ocean_menu_link_color_hover":"","ocean_menu_link_color_active":"","ocean_menu_link_background":"","ocean_menu_link_hover_background":"","ocean_menu_link_active_background":"","ocean_menu_social_links_bg":"","ocean_menu_social_hover_links_bg":"","ocean_menu_social_links_color":"","ocean_menu_social_hover_links_color":"","ocean_disable_title":"default","ocean_disable_heading":"default","ocean_post_title":"","ocean_post_subheading":"","ocean_post_title_style":"","ocean_post_title_background_color":"","ocean_post_title_background":0,"ocean_post_title_bg_image_position":"","ocean_post_title_bg_image_attachment":"","ocean_post_title_bg_image_repeat":"","ocean_post_title_bg_image_size":"","ocean_post_title_height":0,"ocean_post_title_bg_overlay":0.5,"ocean_post_title_bg_overlay_color":"","ocean_disable_breadcrumbs":"default","ocean_breadcrumbs_color":"","ocean_breadcrumbs_separator_color":"","ocean_breadcrumbs_links_color":"","ocean_breadcrumbs_links_hover_color":"","ocean_display_footer_widgets":"default","ocean_display_footer_bottom":"default","ocean_custom_footer_template":"","footnotes":""},"class_list":["post-17","page","type-page","status-publish","hentry","entry"],"_links":{"self":[{"href":"https:\/\/wagenervulcanizers.pl\/de\/wp-json\/wp\/v2\/pages\/17","targetHints":{"allow":["GET"]}}],"collection":[{"href":"https:\/\/wagenervulcanizers.pl\/de\/wp-json\/wp\/v2\/pages"}],"about":[{"href":"https:\/\/wagenervulcanizers.pl\/de\/wp-json\/wp\/v2\/types\/page"}],"author":[{"embeddable":true,"href":"https:\/\/wagenervulcanizers.pl\/de\/wp-json\/wp\/v2\/users\/2"}],"replies":[{"embeddable":true,"href":"https:\/\/wagenervulcanizers.pl\/de\/wp-json\/wp\/v2\/comments?post=17"}],"version-history":[{"count":299,"href":"https:\/\/wagenervulcanizers.pl\/de\/wp-json\/wp\/v2\/pages\/17\/revisions"}],"predecessor-version":[{"id":582,"href":"https:\/\/wagenervulcanizers.pl\/de\/wp-json\/wp\/v2\/pages\/17\/revisions\/582"}],"wp:attachment":[{"href":"https:\/\/wagenervulcanizers.pl\/de\/wp-json\/wp\/v2\/media?parent=17"}],"curies":[{"name":"wp","href":"https:\/\/api.w.org\/{rel}","templated":true}]}}